{"id":139,"date":"2020-09-28T12:43:36","date_gmt":"2020-09-28T10:43:36","guid":{"rendered":"https:\/\/pjweb.iut-info-vannes.net\/pjweb_13\/?page_id=139"},"modified":"2020-12-01T17:15:38","modified_gmt":"2020-12-01T16:15:38","slug":"faconnage-plastification","status":"publish","type":"page","link":"https:\/\/www.copistyl.fr\/?page_id=139","title":{"rendered":"Fa\u00e7onnage\/Plastification"},"content":{"rendered":"\t\t<div data-elementor-type=\"wp-page\" data-elementor-id=\"139\" class=\"elementor elementor-139\">\n\t\t\t\t\t\t\t\t\t<section class=\"elementor-section elementor-top-section elementor-element elementor-element-69615cef elementor-section-stretched elementor-section-boxed elementor-section-height-default elementor-section-height-default\" data-id=\"69615cef\" data-element_type=\"section\" data-settings=\"{&quot;background_background&quot;:&quot;classic&quot;,&quot;stretch_section&quot;:&quot;section-stretched&quot;}\">\n\t\t\t\t\t\t\t<div class=\"elementor-background-overlay\"><\/div>\n\t\t\t\t\t\t\t<div class=\"elementor-container elementor-column-gap-default\">\n\t\t\t\t\t<div class=\"elementor-column elementor-col-100 elementor-top-column elementor-element elementor-element-241ad81c\" data-id=\"241ad81c\" data-element_type=\"column\">\n\t\t\t<div class=\"elementor-widget-wrap elementor-element-populated\">\n\t\t\t\t\t\t\t\t<div class=\"elementor-element elementor-element-5c8e37c2 elementor-widget elementor-widget-heading\" data-id=\"5c8e37c2\" data-element_type=\"widget\" data-widget_type=\"heading.default\">\n\t\t\t\t<div class=\"elementor-widget-container\">\n\t\t\t<h2 class=\"elementor-heading-title elementor-size-large\">Faconnage\/plastification<\/h2>\t\t<\/div>\n\t\t\t\t<\/div>\n\t\t\t\t\t<\/div>\n\t\t<\/div>\n\t\t\t\t\t\t\t<\/div>\n\t\t<\/section>\n\t\t\t\t<section class=\"elementor-section elementor-top-section elementor-element elementor-element-9592ce9 elementor-section-height-min-height elementor-section-content-middle elementor-section-stretched elementor-section-boxed elementor-section-height-default elementor-section-items-middle\" data-id=\"9592ce9\" data-element_type=\"section\" data-settings=\"{&quot;stretch_section&quot;:&quot;section-stretched&quot;,&quot;background_background&quot;:&quot;classic&quot;}\">\n\t\t\t\t\t\t<div class=\"elementor-container elementor-column-gap-default\">\n\t\t\t\t\t<div class=\"elementor-column elementor-col-50 elementor-top-column elementor-element elementor-element-06f6baf\" data-id=\"06f6baf\" data-element_type=\"column\">\n\t\t\t<div class=\"elementor-widget-wrap elementor-element-populated\">\n\t\t\t\t\t\t\t\t<div class=\"elementor-element elementor-element-bd07a85 elementor-widget-divider--view-line elementor-widget elementor-widget-divider\" data-id=\"bd07a85\" data-element_type=\"widget\" data-widget_type=\"divider.default\">\n\t\t\t\t<div class=\"elementor-widget-container\">\n\t\t\t\t\t<div class=\"elementor-divider\">\n\t\t\t<span class=\"elementor-divider-separator\">\n\t\t\t\t\t\t<\/span>\n\t\t<\/div>\n\t\t\t\t<\/div>\n\t\t\t\t<\/div>\n\t\t\t\t<div class=\"elementor-element elementor-element-9649105 elementor-widget elementor-widget-heading\" data-id=\"9649105\" data-element_type=\"widget\" data-widget_type=\"heading.default\">\n\t\t\t\t<div class=\"elementor-widget-container\">\n\t\t\t<h3 class=\"elementor-heading-title elementor-size-large\">FACONNAGE<br>PLASTIFICATION<\/h3>\t\t<\/div>\n\t\t\t\t<\/div>\n\t\t\t\t<div class=\"elementor-element elementor-element-15bd647 elementor-widget elementor-widget-text-editor\" data-id=\"15bd647\" data-element_type=\"widget\" data-widget_type=\"text-editor.default\">\n\t\t\t\t<div class=\"elementor-widget-container\">\n\t\t\t\t\t\t\t<ul><li><span style=\"color: #000000;\"><span style=\"font-size: 13pt; padding: 0cm; border: 1pt none windowtext;\">Plastification<\/span><strong><span style=\"font-size: 13pt; padding: 0cm; border: 1pt none windowtext;\"> A4, A3, A2, A1 et A0 (125 )<\/span><\/strong><span style=\"font-size: 13.0pt;\">: Pour plus de rigidit\u00e9 et de brillance<\/span><\/span><\/li><li><span style=\"font-size: 13pt; color: #000000;\">D\u00e9mat\u00e9rialisation grand format,<br \/><\/span><\/li><li><span style=\"font-size: 13pt; color: #000000;\">Scan encouleur et noir<\/span><\/li><li><span style=\"font-size: 13pt; color: #000000;\">Impression A2, A1 et A0 en noir. Affiche A2 et A1 fluo.<\/span><\/li><\/ul><p style=\"margin: 0cm; background-image: initial; background-position: initial; background-size: initial; background-repeat: initial; background-attachment: initial; background-origin: initial; background-clip: initial; font-variant-ligatures: normal; font-variant-caps: normal;\"><span style=\"font-size: 13pt; color: #000000;\">\u00a0<\/span><\/p>\t\t\t\t\t\t<\/div>\n\t\t\t\t<\/div>\n\t\t\t\t\t<\/div>\n\t\t<\/div>\n\t\t\t\t<div class=\"elementor-column elementor-col-50 elementor-top-column elementor-element elementor-element-791379f\" data-id=\"791379f\" data-element_type=\"column\">\n\t\t\t<div class=\"elementor-widget-wrap elementor-element-populated\">\n\t\t\t\t\t\t\t\t<div class=\"elementor-element elementor-element-d614317 elementor-widget elementor-widget-spacer\" data-id=\"d614317\" data-element_type=\"widget\" data-widget_type=\"spacer.default\">\n\t\t\t\t<div class=\"elementor-widget-container\">\n\t\t\t\t\t<div class=\"elementor-spacer\">\n\t\t\t<div class=\"elementor-spacer-inner\"><\/div>\n\t\t<\/div>\n\t\t\t\t<\/div>\n\t\t\t\t<\/div>\n\t\t\t\t<div class=\"elementor-element elementor-element-b91f022 elementor-arrows-position-inside elementor-pagination-position-outside elementor-widget elementor-widget-image-carousel\" data-id=\"b91f022\" data-element_type=\"widget\" data-settings=\"{&quot;slides_to_show&quot;:&quot;1&quot;,&quot;navigation&quot;:&quot;both&quot;,&quot;autoplay&quot;:&quot;yes&quot;,&quot;pause_on_hover&quot;:&quot;yes&quot;,&quot;pause_on_interaction&quot;:&quot;yes&quot;,&quot;autoplay_speed&quot;:5000,&quot;infinite&quot;:&quot;yes&quot;,&quot;effect&quot;:&quot;slide&quot;,&quot;speed&quot;:500}\" data-widget_type=\"image-carousel.default\">\n\t\t\t\t<div class=\"elementor-widget-container\">\n\t\t\t\t\t<div class=\"elementor-image-carousel-wrapper swiper-container\" dir=\"ltr\">\n\t\t\t<div class=\"elementor-image-carousel swiper-wrapper\" aria-live=\"off\">\n\t\t\t\t\t\t\t\t<div class=\"swiper-slide\" role=\"group\" aria-roledescription=\"slide\" aria-label=\"1 sur 3\"><figure class=\"swiper-slide-inner\"><img decoding=\"async\" class=\"swiper-slide-image\" src=\"https:\/\/www.copistyl.fr\/wp-content\/uploads\/2020\/10\/Plastification-300x140.jpg\" alt=\"Plastification\" \/><\/figure><\/div><div class=\"swiper-slide\" role=\"group\" aria-roledescription=\"slide\" aria-label=\"2 sur 3\"><figure class=\"swiper-slide-inner\"><img decoding=\"async\" class=\"swiper-slide-image\" src=\"https:\/\/www.copistyl.fr\/wp-content\/uploads\/2020\/10\/Massicot-201x300.png\" alt=\"Massicot\" \/><\/figure><\/div><div class=\"swiper-slide\" role=\"group\" aria-roledescription=\"slide\" aria-label=\"3 sur 3\"><figure class=\"swiper-slide-inner\"><img decoding=\"async\" class=\"swiper-slide-image\" src=\"https:\/\/www.copistyl.fr\/wp-content\/uploads\/2020\/11\/traceur-01-300x191.png\" alt=\"traceur 01\" \/><\/figure><\/div>\t\t\t<\/div>\n\t\t\t\t\t\t\t\t\t\t\t\t<div class=\"elementor-swiper-button elementor-swiper-button-prev\" role=\"button\" tabindex=\"0\">\n\t\t\t\t\t\t<i aria-hidden=\"true\" class=\"eicon-chevron-left\"><\/i>\t\t\t\t\t<\/div>\n\t\t\t\t\t<div class=\"elementor-swiper-button elementor-swiper-button-next\" role=\"button\" tabindex=\"0\">\n\t\t\t\t\t\t<i aria-hidden=\"true\" class=\"eicon-chevron-right\"><\/i>\t\t\t\t\t<\/div>\n\t\t\t\t\n\t\t\t\t\t\t\t\t\t<div class=\"swiper-pagination\"><\/div>\n\t\t\t\t\t\t\t\t\t<\/div>\n\t\t\t\t<\/div>\n\t\t\t\t<\/div>\n\t\t\t\t\t<\/div>\n\t\t<\/div>\n\t\t\t\t\t\t\t<\/div>\n\t\t<\/section>\n\t\t\t\t\t\t\t<\/div>\n\t\t","protected":false},"excerpt":{"rendered":"<p>Faconnage\/plastification FACONNAGEPLASTIFICATION Plastification A4, A3, A2, A1 et A0 (125 ): Pour plus de rigidit\u00e9 et de brillance D\u00e9mat\u00e9rialisation grand format, Scan encouleur et noir Impression A2, A1 et A0 en noir. Affiche A2 et A1 fluo. \u00a0 Pr\u00e9c\u00e9dent Suivant<\/p>\n","protected":false},"author":2,"featured_media":0,"parent":0,"menu_order":0,"comment_status":"closed","ping_status":"closed","template":"","meta":{"ocean_post_layout":"","ocean_both_sidebars_style":"","ocean_both_sidebars_content_width":0,"ocean_both_sidebars_sidebars_width":0,"ocean_sidebar":"","ocean_second_sidebar":"","ocean_disable_margins":"enable","ocean_add_body_class":"","ocean_shortcode_before_top_bar":"","ocean_shortcode_after_top_bar":"","ocean_shortcode_before_header":"","ocean_shortcode_after_header":"","ocean_has_shortcode":"","ocean_shortcode_after_title":"","ocean_shortcode_before_footer_widgets":"","ocean_shortcode_after_footer_widgets":"","ocean_shortcode_before_footer_bottom":"","ocean_shortcode_after_footer_bottom":"","ocean_display_top_bar":"default","ocean_display_header":"default","ocean_header_style":"","ocean_center_header_left_menu":"","ocean_custom_header_template":"","ocean_custom_logo":0,"ocean_custom_retina_logo":0,"ocean_custom_logo_max_width":0,"ocean_custom_logo_tablet_max_width":0,"ocean_custom_logo_mobile_max_width":0,"ocean_custom_logo_max_height":0,"ocean_custom_logo_tablet_max_height":0,"ocean_custom_logo_mobile_max_height":0,"ocean_header_custom_menu":"","ocean_menu_typo_font_family":"","ocean_menu_typo_font_subset":"","ocean_menu_typo_font_size":0,"ocean_menu_typo_font_size_tablet":0,"ocean_menu_typo_font_size_mobile":0,"ocean_menu_typo_font_size_unit":"px","ocean_menu_typo_font_weight":"","ocean_menu_typo_font_weight_tablet":"","ocean_menu_typo_font_weight_mobile":"","ocean_menu_typo_transform":"","ocean_menu_typo_transform_tablet":"","ocean_menu_typo_transform_mobile":"","ocean_menu_typo_line_height":0,"ocean_menu_typo_line_height_tablet":0,"ocean_menu_typo_line_height_mobile":0,"ocean_menu_typo_line_height_unit":"","ocean_menu_typo_spacing":0,"ocean_menu_typo_spacing_tablet":0,"ocean_menu_typo_spacing_mobile":0,"ocean_menu_typo_spacing_unit":"","ocean_menu_link_color":"","ocean_menu_link_color_hover":"","ocean_menu_link_color_active":"","ocean_menu_link_background":"","ocean_menu_link_hover_background":"","ocean_menu_link_active_background":"","ocean_menu_social_links_bg":"","ocean_menu_social_hover_links_bg":"","ocean_menu_social_links_color":"","ocean_menu_social_hover_links_color":"","ocean_disable_title":"default","ocean_disable_heading":"default","ocean_post_title":"","ocean_post_subheading":"","ocean_post_title_style":"","ocean_post_title_background_color":"","ocean_post_title_background":0,"ocean_post_title_bg_image_position":"","ocean_post_title_bg_image_attachment":"","ocean_post_title_bg_image_repeat":"","ocean_post_title_bg_image_size":"","ocean_post_title_height":0,"ocean_post_title_bg_overlay":0.5,"ocean_post_title_bg_overlay_color":"","ocean_disable_breadcrumbs":"default","ocean_breadcrumbs_color":"","ocean_breadcrumbs_separator_color":"","ocean_breadcrumbs_links_color":"","ocean_breadcrumbs_links_hover_color":"","ocean_display_footer_widgets":"default","ocean_display_footer_bottom":"default","ocean_custom_footer_template":"","footnotes":""},"class_list":["post-139","page","type-page","status-publish","hentry","entry"],"yoast_head":"<!-- This site is optimized with the Yoast SEO plugin v24.9 - https:\/\/yoast.com\/wordpress\/plugins\/seo\/ -->\n<title>Fa\u00e7onnage\/Plastification - Copistyl<\/title>\n<meta name=\"robots\" content=\"index, follow, max-snippet:-1, max-image-preview:large, max-video-preview:-1\" \/>\n<link rel=\"canonical\" href=\"https:\/\/www.copistyl.fr\/?page_id=139\" \/>\n<meta property=\"og:locale\" content=\"fr_FR\" \/>\n<meta property=\"og:type\" content=\"article\" \/>\n<meta property=\"og:title\" content=\"Fa\u00e7onnage\/Plastification - Copistyl\" \/>\n<meta property=\"og:description\" content=\"Faconnage\/plastification FACONNAGEPLASTIFICATION Plastification A4, A3, A2, A1 et A0 (125 ): Pour plus de rigidit\u00e9 et de brillance D\u00e9mat\u00e9rialisation grand format, Scan encouleur et noir Impression A2, A1 et A0 en noir. Affiche A2 et A1 fluo. \u00a0 Pr\u00e9c\u00e9dent Suivant\" \/>\n<meta property=\"og:url\" content=\"https:\/\/www.copistyl.fr\/?page_id=139\" \/>\n<meta property=\"og:site_name\" content=\"Copistyl\" \/>\n<meta property=\"article:publisher\" content=\"https:\/\/www.facebook.com\/Copistyl\" \/>\n<meta property=\"article:modified_time\" content=\"2020-12-01T16:15:38+00:00\" \/>\n<meta property=\"og:image\" content=\"https:\/\/pjweb.iut-info-vannes.net\/pjweb_13\/wp-content\/uploads\/2020\/10\/Plastification-300x140.jpg\" \/>\n<meta name=\"twitter:card\" content=\"summary_large_image\" \/>\n<meta name=\"twitter:site\" content=\"@copistyl\" \/>\n<script type=\"application\/ld+json\" class=\"yoast-schema-graph\">{\"@context\":\"https:\/\/schema.org\",\"@graph\":[{\"@type\":\"WebPage\",\"@id\":\"https:\/\/www.copistyl.fr\/?page_id=139\",\"url\":\"https:\/\/www.copistyl.fr\/?page_id=139\",\"name\":\"Fa\u00e7onnage\/Plastification - Copistyl\",\"isPartOf\":{\"@id\":\"https:\/\/www.copistyl.fr\/#website\"},\"primaryImageOfPage\":{\"@id\":\"https:\/\/www.copistyl.fr\/?page_id=139#primaryimage\"},\"image\":{\"@id\":\"https:\/\/www.copistyl.fr\/?page_id=139#primaryimage\"},\"thumbnailUrl\":\"https:\/\/pjweb.iut-info-vannes.net\/pjweb_13\/wp-content\/uploads\/2020\/10\/Plastification-300x140.jpg\",\"datePublished\":\"2020-09-28T10:43:36+00:00\",\"dateModified\":\"2020-12-01T16:15:38+00:00\",\"breadcrumb\":{\"@id\":\"https:\/\/www.copistyl.fr\/?page_id=139#breadcrumb\"},\"inLanguage\":\"fr-FR\",\"potentialAction\":[{\"@type\":\"ReadAction\",\"target\":[\"https:\/\/www.copistyl.fr\/?page_id=139\"]}]},{\"@type\":\"ImageObject\",\"inLanguage\":\"fr-FR\",\"@id\":\"https:\/\/www.copistyl.fr\/?page_id=139#primaryimage\",\"url\":\"https:\/\/pjweb.iut-info-vannes.net\/pjweb_13\/wp-content\/uploads\/2020\/10\/Plastification-300x140.jpg\",\"contentUrl\":\"https:\/\/pjweb.iut-info-vannes.net\/pjweb_13\/wp-content\/uploads\/2020\/10\/Plastification-300x140.jpg\"},{\"@type\":\"BreadcrumbList\",\"@id\":\"https:\/\/www.copistyl.fr\/?page_id=139#breadcrumb\",\"itemListElement\":[{\"@type\":\"ListItem\",\"position\":1,\"name\":\"Accueil\",\"item\":\"https:\/\/www.copistyl.fr\/\"},{\"@type\":\"ListItem\",\"position\":2,\"name\":\"Fa\u00e7onnage\/Plastification\"}]},{\"@type\":\"WebSite\",\"@id\":\"https:\/\/www.copistyl.fr\/#website\",\"url\":\"https:\/\/www.copistyl.fr\/\",\"name\":\"Copistyl\",\"description\":\"Copie, Impression, Cr\u00e9ation\",\"publisher\":{\"@id\":\"https:\/\/www.copistyl.fr\/#organization\"},\"potentialAction\":[{\"@type\":\"SearchAction\",\"target\":{\"@type\":\"EntryPoint\",\"urlTemplate\":\"https:\/\/www.copistyl.fr\/?s={search_term_string}\"},\"query-input\":{\"@type\":\"PropertyValueSpecification\",\"valueRequired\":true,\"valueName\":\"search_term_string\"}}],\"inLanguage\":\"fr-FR\"},{\"@type\":\"Organization\",\"@id\":\"https:\/\/www.copistyl.fr\/#organization\",\"name\":\"Copistyl\",\"url\":\"https:\/\/www.copistyl.fr\/\",\"logo\":{\"@type\":\"ImageObject\",\"inLanguage\":\"fr-FR\",\"@id\":\"https:\/\/www.copistyl.fr\/#\/schema\/logo\/image\/\",\"url\":\"https:\/\/www.copistyl.fr\/wp-content\/uploads\/2020\/10\/cropped-Logo-Copistyl-1.jpg\",\"contentUrl\":\"https:\/\/www.copistyl.fr\/wp-content\/uploads\/2020\/10\/cropped-Logo-Copistyl-1.jpg\",\"width\":2481,\"height\":1242,\"caption\":\"Copistyl\"},\"image\":{\"@id\":\"https:\/\/www.copistyl.fr\/#\/schema\/logo\/image\/\"},\"sameAs\":[\"https:\/\/www.facebook.com\/Copistyl\",\"https:\/\/x.com\/copistyl\",\"https:\/\/www.instagram.com\/copistyl\/\"]}]}<\/script>\n<!-- \/ Yoast SEO plugin. -->","yoast_head_json":{"title":"Fa\u00e7onnage\/Plastification - Copistyl","robots":{"index":"index","follow":"follow","max-snippet":"max-snippet:-1","max-image-preview":"max-image-preview:large","max-video-preview":"max-video-preview:-1"},"canonical":"https:\/\/www.copistyl.fr\/?page_id=139","og_locale":"fr_FR","og_type":"article","og_title":"Fa\u00e7onnage\/Plastification - Copistyl","og_description":"Faconnage\/plastification FACONNAGEPLASTIFICATION Plastification A4, A3, A2, A1 et A0 (125 ): Pour plus de rigidit\u00e9 et de brillance D\u00e9mat\u00e9rialisation grand format, Scan encouleur et noir Impression A2, A1 et A0 en noir. Affiche A2 et A1 fluo. \u00a0 Pr\u00e9c\u00e9dent Suivant","og_url":"https:\/\/www.copistyl.fr\/?page_id=139","og_site_name":"Copistyl","article_publisher":"https:\/\/www.facebook.com\/Copistyl","article_modified_time":"2020-12-01T16:15:38+00:00","og_image":[{"url":"https:\/\/pjweb.iut-info-vannes.net\/pjweb_13\/wp-content\/uploads\/2020\/10\/Plastification-300x140.jpg","type":"","width":"","height":""}],"twitter_card":"summary_large_image","twitter_site":"@copistyl","schema":{"@context":"https:\/\/schema.org","@graph":[{"@type":"WebPage","@id":"https:\/\/www.copistyl.fr\/?page_id=139","url":"https:\/\/www.copistyl.fr\/?page_id=139","name":"Fa\u00e7onnage\/Plastification - Copistyl","isPartOf":{"@id":"https:\/\/www.copistyl.fr\/#website"},"primaryImageOfPage":{"@id":"https:\/\/www.copistyl.fr\/?page_id=139#primaryimage"},"image":{"@id":"https:\/\/www.copistyl.fr\/?page_id=139#primaryimage"},"thumbnailUrl":"https:\/\/pjweb.iut-info-vannes.net\/pjweb_13\/wp-content\/uploads\/2020\/10\/Plastification-300x140.jpg","datePublished":"2020-09-28T10:43:36+00:00","dateModified":"2020-12-01T16:15:38+00:00","breadcrumb":{"@id":"https:\/\/www.copistyl.fr\/?page_id=139#breadcrumb"},"inLanguage":"fr-FR","potentialAction":[{"@type":"ReadAction","target":["https:\/\/www.copistyl.fr\/?page_id=139"]}]},{"@type":"ImageObject","inLanguage":"fr-FR","@id":"https:\/\/www.copistyl.fr\/?page_id=139#primaryimage","url":"https:\/\/pjweb.iut-info-vannes.net\/pjweb_13\/wp-content\/uploads\/2020\/10\/Plastification-300x140.jpg","contentUrl":"https:\/\/pjweb.iut-info-vannes.net\/pjweb_13\/wp-content\/uploads\/2020\/10\/Plastification-300x140.jpg"},{"@type":"BreadcrumbList","@id":"https:\/\/www.copistyl.fr\/?page_id=139#breadcrumb","itemListElement":[{"@type":"ListItem","position":1,"name":"Accueil","item":"https:\/\/www.copistyl.fr\/"},{"@type":"ListItem","position":2,"name":"Fa\u00e7onnage\/Plastification"}]},{"@type":"WebSite","@id":"https:\/\/www.copistyl.fr\/#website","url":"https:\/\/www.copistyl.fr\/","name":"Copistyl","description":"Copie, Impression, Cr\u00e9ation","publisher":{"@id":"https:\/\/www.copistyl.fr\/#organization"},"potentialAction":[{"@type":"SearchAction","target":{"@type":"EntryPoint","urlTemplate":"https:\/\/www.copistyl.fr\/?s={search_term_string}"},"query-input":{"@type":"PropertyValueSpecification","valueRequired":true,"valueName":"search_term_string"}}],"inLanguage":"fr-FR"},{"@type":"Organization","@id":"https:\/\/www.copistyl.fr\/#organization","name":"Copistyl","url":"https:\/\/www.copistyl.fr\/","logo":{"@type":"ImageObject","inLanguage":"fr-FR","@id":"https:\/\/www.copistyl.fr\/#\/schema\/logo\/image\/","url":"https:\/\/www.copistyl.fr\/wp-content\/uploads\/2020\/10\/cropped-Logo-Copistyl-1.jpg","contentUrl":"https:\/\/www.copistyl.fr\/wp-content\/uploads\/2020\/10\/cropped-Logo-Copistyl-1.jpg","width":2481,"height":1242,"caption":"Copistyl"},"image":{"@id":"https:\/\/www.copistyl.fr\/#\/schema\/logo\/image\/"},"sameAs":["https:\/\/www.facebook.com\/Copistyl","https:\/\/x.com\/copistyl","https:\/\/www.instagram.com\/copistyl\/"]}]}},"_links":{"self":[{"href":"https:\/\/www.copistyl.fr\/index.php?rest_route=\/wp\/v2\/pages\/139","targetHints":{"allow":["GET"]}}],"collection":[{"href":"https:\/\/www.copistyl.fr\/index.php?rest_route=\/wp\/v2\/pages"}],"about":[{"href":"https:\/\/www.copistyl.fr\/index.php?rest_route=\/wp\/v2\/types\/page"}],"author":[{"embeddable":true,"href":"https:\/\/www.copistyl.fr\/index.php?rest_route=\/wp\/v2\/users\/2"}],"replies":[{"embeddable":true,"href":"https:\/\/www.copistyl.fr\/index.php?rest_route=%2Fwp%2Fv2%2Fcomments&post=139"}],"version-history":[{"count":34,"href":"https:\/\/www.copistyl.fr\/index.php?rest_route=\/wp\/v2\/pages\/139\/revisions"}],"predecessor-version":[{"id":1626,"href":"https:\/\/www.copistyl.fr\/index.php?rest_route=\/wp\/v2\/pages\/139\/revisions\/1626"}],"wp:attachment":[{"href":"https:\/\/www.copistyl.fr\/index.php?rest_route=%2Fwp%2Fv2%2Fmedia&parent=139"}],"curies":[{"name":"wp","href":"https:\/\/api.w.org\/{rel}","templated":true}]}}